{"id":2,"date":"2022-11-09T17:44:39","date_gmt":"2022-11-09T17:44:39","guid":{"rendered":"http:\/\/firattasimacilik.com\/?page_id=2"},"modified":"2022-11-13T18:03:20","modified_gmt":"2022-11-13T18:03:20","slug":"sample-page","status":"publish","type":"page","link":"https:\/\/firattasimacilik.com\/?page_id=2","title":{"rendered":"Misyon ve Vizyonumuz"},"content":{"rendered":"\n<figure class=\"wp-block-image size-full is-resized\"><img decoding=\"async\" loading=\"lazy\" src=\"https:\/\/firattasimacilik.com\/wp-content\/uploads\/2022\/11\/firat-tasima-vizyon-misyon.jpg\" alt=\"\" class=\"wp-image-64\" width=\"390\" height=\"240\" srcset=\"https:\/\/firattasimacilik.com\/wp-content\/uploads\/2022\/11\/firat-tasima-vizyon-misyon.jpg 752w, https:\/\/firattasimacilik.com\/wp-content\/uploads\/2022\/11\/firat-tasima-vizyon-misyon-300x185.jpg 300w\" sizes=\"(max-width: 390px) 100vw, 390px\" \/><\/figure>\n\n\n\n<p>Ev ve ofis e\u015fyalar\u0131n\u0131z nakliyesini kendinize dert etmeyin.. Size geni\u015f kapsaml\u0131 servis anlay\u0131\u015f\u0131m\u0131zla e\u015fyalar\u0131n\u0131z\u0131 yeni yerle\u015fim yerine dikkatli , g\u00fcvenli ve kolay \u015fekilde ula\u015ft\u0131rmay\u0131 \u00f6neriyoruz.<\/p>\n\n\n\n<ul>\n<li><strong>M\u00fc\u015fteri Memnuniyeti<\/strong><\/li>\n\n\n\n<li><strong>Uygun Ekipman<\/strong><\/li>\n\n\n\n<li><strong>G\u00fclery\u00fcz \u00c7al\u0131\u015fanlar\u0131m\u0131z<\/strong><\/li>\n<\/ul>\n","protected":false},"excerpt":{"rendered":"<p>Ev ve ofis e\u015fyalar\u0131n\u0131z nakliyesini kendinize dert etmeyin.. Size geni\u015f kapsaml\u0131 servis anlay\u0131\u015f\u0131m\u0131zla e\u015fyalar\u0131n\u0131z\u0131 yeni yerle\u015fim yerine dikkatli , g\u00fcvenli ve kolay \u015fekilde ula\u015ft\u0131rmay\u0131 \u00f6neriyoruz.<\/p>\n","protected":false},"author":1,"featured_media":0,"parent":0,"menu_order":0,"comment_status":"closed","ping_status":"open","template":"","meta":{"om_disable_all_campaigns":false,"_mi_skip_tracking":false},"aioseo_notices":[],"_links":{"self":[{"href":"https:\/\/firattasimacilik.com\/index.php?rest_route=\/wp\/v2\/pages\/2"}],"collection":[{"href":"https:\/\/firattasimacilik.com\/index.php?rest_route=\/wp\/v2\/pages"}],"about":[{"href":"https:\/\/firattasimacilik.com\/index.php?rest_route=\/wp\/v2\/types\/page"}],"author":[{"embeddable":true,"href":"https:\/\/firattasimacilik.com\/index.php?rest_route=\/wp\/v2\/users\/1"}],"replies":[{"embeddable":true,"href":"https:\/\/firattasimacilik.com\/index.php?rest_route=%2Fwp%2Fv2%2Fcomments&post=2"}],"version-history":[{"count":1,"href":"https:\/\/firattasimacilik.com\/index.php?rest_route=\/wp\/v2\/pages\/2\/revisions"}],"predecessor-version":[{"id":73,"href":"https:\/\/firattasimacilik.com\/index.php?rest_route=\/wp\/v2\/pages\/2\/revisions\/73"}],"wp:attachment":[{"href":"https:\/\/firattasimacilik.com\/index.php?rest_route=%2Fwp%2Fv2%2Fmedia&parent=2"}],"curies":[{"name":"wp","href":"https:\/\/api.w.org\/{rel}","templated":true}]}}