{"id":5,"date":"2022-11-09T18:24:38","date_gmt":"2022-11-09T18:24:38","guid":{"rendered":"https:\/\/firattasimacilik.com\/?page_id=5"},"modified":"2022-11-13T18:47:00","modified_gmt":"2022-11-13T18:47:00","slug":"home","status":"publish","type":"page","link":"https:\/\/firattasimacilik.com\/","title":{"rendered":"F\u0131rat Ta\u015f\u0131mac\u0131l\u0131k"},"content":{"rendered":"\n<h1>EV OF\u0130S Y\u00dcK TA\u015eIMA B\u0130ZDE..<\/h1>\n\n\n\n<p>Ev ve ofis e\u015fyalar\u0131n\u0131z\u0131n nakliye ve ta\u015f\u0131nmas\u0131n\u0131 kendinize dert etmeyin.<br>Bizimle Ta\u015f\u0131nma daha rahat.<\/p>\n\n\n\n<p>Evden eve nakliyat ve E\u015fya e\u015fya Ta\u015f\u0131nmas\u0131 hakk\u0131nda akl\u0131n\u0131zda olu\u015fan sorular\u0131,istek ve \u015fikayetlerinizi bizlere aktarabilirsiniz. En k\u0131sa s\u00fcrede sizler d\u00f6n\u00fc\u015f yap\u0131lacakt\u0131r.<\/p>\n\n\n\n<p><strong>Adres<\/strong>: \u0130nklap Mah. sar\u0131kanak Sokok. no: 7 \u00dcmraniye\/istanbul<\/p>\n\n\n\n<p><strong>Telefon: 05318911449<\/strong><\/p>\n\n\n\n<p><\/p>\n\n\n\n<hr class=\"wp-block-separator has-alpha-channel-opacity is-style-wide\"\/>\n\n\n\n<h1>Hizmetlerimiz<\/h1>\n\n\n\n<div class=\"is-layout-flex wp-container-5 wp-block-columns alignwide\">\n<div class=\"is-layout-flow wp-elements-25a564b8aa10cc081dd8df2a9f38e1e3 wp-block-column has-text-color has-background has-link-color\" style=\"color:#000000;background-color:#ffe97d;padding-top:2em;padding-right:2em;padding-bottom:2em;padding-left:2em\">\n<h2 id=\"single\" style=\"font-size:40px\"><strong>Evden Eve Nakliyat<\/strong><\/h2>\n\n\n\n<p>Kaliteyi zaman\u0131nda ve en uygun fiyatla ula\u015ft\u0131rmay\u0131, Sizlerin beklentilerini yenilik ve yarat\u0131c\u0131l\u0131kla kar\u015f\u0131lamay\u0131, Ticari ahlak ve g\u00fcvenilirlik ile profesyonelce \u00e7al\u0131\u015fmay\u0131 vaad ediyoruz\u2026 Sigortal\u0131 deneyimli personeller ile e\u015fyalar\u0131n\u0131z\u0131 yeni yerlerine ta\u015f\u0131ma i\u015flemini yapmaktay\u0131z.<\/p>\n\n\n\n<figure class=\"wp-block-image size-full\"><img decoding=\"async\" loading=\"lazy\" width=\"618\" height=\"368\" src=\"http:\/\/firattasimacilik.com\/wp-content\/uploads\/2022\/11\/Firat-nakliyat.jpg\" alt=\"\" class=\"wp-image-56\" srcset=\"https:\/\/firattasimacilik.com\/wp-content\/uploads\/2022\/11\/Firat-nakliyat.jpg 618w, https:\/\/firattasimacilik.com\/wp-content\/uploads\/2022\/11\/Firat-nakliyat-300x179.jpg 300w\" sizes=\"(max-width: 618px) 100vw, 618px\" \/><\/figure>\n<\/div>\n\n\n\n<div class=\"is-layout-flow wp-elements-12c322477bbfebbf6732081b788a4222 wp-block-column has-text-color has-background has-link-color\" style=\"color:#000000;background-color:#d1d1e1;padding-top:2em;padding-right:2em;padding-bottom:2em;padding-left:2em\">\n<h2 id=\"family\" style=\"font-size:40px\"><strong>E\u015fya Ta\u015f\u0131ma<\/strong><\/h2>\n\n\n\n<p>Firmam\u0131z e\u015fya ta\u015f\u0131ma i\u015flemini \u00f6zel olarak ilgilenmektedir. Kuruldu\u011fumuz g\u00fcnden g\u00fcn\u00fcm\u00fcze gelen e\u015fsiz deneyim ve bilgi birikimi ile e\u015fya ta\u015f\u0131ma hizmetinde m\u00fc\u015fteri memnuniyetini en \u00fcst seviyede tutarak \u00e7al\u0131\u015fmaktad\u0131r. Par\u00e7a e\u015fyalar\u0131n\u0131z\u0131 istenilen \u015fehirlere nakliyesini ge\u00e7ekle\u015ftirmekteyiz.<\/p>\n\n\n\n<figure class=\"wp-block-image size-full\"><img decoding=\"async\" loading=\"lazy\" width=\"374\" height=\"273\" src=\"http:\/\/firattasimacilik.com\/wp-content\/uploads\/2022\/11\/Firat-Parca-Tasima.jpg\" alt=\"\" class=\"wp-image-57\" srcset=\"https:\/\/firattasimacilik.com\/wp-content\/uploads\/2022\/11\/Firat-Parca-Tasima.jpg 374w, https:\/\/firattasimacilik.com\/wp-content\/uploads\/2022\/11\/Firat-Parca-Tasima-300x219.jpg 300w\" sizes=\"(max-width: 374px) 100vw, 374px\" \/><\/figure>\n<\/div>\n\n\n\n<div class=\"is-layout-flow wp-elements-07ae1dacb6cef00cb0da2e9a081ddee0 wp-block-column has-text-color has-background has-link-color\" style=\"color:#000000;background-color:#c0ebf1;padding-top:2em;padding-right:2em;padding-bottom:2em;padding-left:2em\">\n<h2 id=\"patron\" style=\"font-size:40px\">Ev &amp; Ofis Ta\u015f\u0131ma<\/h2>\n\n\n\n<p>Evden eve nakliyat ve e\u015fya depolama i\u015flemlerini profesyonel ve g\u00fcvenilir yapmay\u0131 g\u00f6rev edinen m\u00fc\u015fteri memnuniyetini \u00fcste seviyede tutmaktad\u0131r.<\/p>\n\n\n\n<ul>\n<li><strong>Evden Eve Nakliyat<\/strong><\/li>\n\n\n\n<li><strong>\u015eehir i\u00e7i ve<\/strong> <strong>\u015eehirler Aras\u0131 Ta\u015f\u0131mac\u0131l\u0131k<\/strong><\/li>\n<\/ul>\n\n\n\n<figure class=\"wp-block-image size-full\"><img decoding=\"async\" loading=\"lazy\" width=\"331\" height=\"152\" src=\"http:\/\/firattasimacilik.com\/wp-content\/uploads\/2022\/11\/Firat-Ofice-Tasima.jpg\" alt=\"\" class=\"wp-image-76\" srcset=\"https:\/\/firattasimacilik.com\/wp-content\/uploads\/2022\/11\/Firat-Ofice-Tasima.jpg 331w, https:\/\/firattasimacilik.com\/wp-content\/uploads\/2022\/11\/Firat-Ofice-Tasima-300x138.jpg 300w\" sizes=\"(max-width: 331px) 100vw, 331px\" \/><\/figure>\n\n\n\n<div class=\"is-horizontal is-content-justification-center is-layout-flex wp-container-3 wp-block-buttons alignfull\"><\/div>\n<\/div>\n<\/div>\n\n\n\n<hr class=\"wp-block-separator has-alpha-channel-opacity is-style-wide\"\/>\n\n\n\n<h1>Misyon ve Vizyonumuz<\/h1>\n\n\n\n<figure class=\"wp-block-image size-full is-resized\"><img decoding=\"async\" loading=\"lazy\" src=\"https:\/\/firattasimacilik.com\/wp-content\/uploads\/2022\/11\/firat-tasima-vizyon-misyon.jpg\" alt=\"\" class=\"wp-image-64\" width=\"390\" height=\"240\" srcset=\"https:\/\/firattasimacilik.com\/wp-content\/uploads\/2022\/11\/firat-tasima-vizyon-misyon.jpg 752w, https:\/\/firattasimacilik.com\/wp-content\/uploads\/2022\/11\/firat-tasima-vizyon-misyon-300x185.jpg 300w\" sizes=\"(max-width: 390px) 100vw, 390px\" \/><\/figure>\n\n\n\n<p>Ev ve ofis e\u015fyalar\u0131n\u0131z nakliyesini kendinize dert etmeyin.. Size geni\u015f kapsaml\u0131 servis anlay\u0131\u015f\u0131m\u0131zla e\u015fyalar\u0131n\u0131z\u0131 yeni yerle\u015fim yerine dikkatli , g\u00fcvenli ve kolay \u015fekilde ula\u015ft\u0131rmay\u0131 \u00f6neriyoruz.<\/p>\n\n\n\n<ul>\n<li><strong>M\u00fc\u015fteri Memnuniyeti<\/strong><\/li>\n\n\n\n<li><strong>Uygun Ekipman<\/strong><\/li>\n\n\n\n<li><strong>G\u00fclery\u00fcz \u00c7al\u0131\u015fanlar\u0131m\u0131z<\/strong><\/li>\n<\/ul>\n\n\n\n<p><\/p>\n\n\n\n<hr class=\"wp-block-separator has-alpha-channel-opacity is-style-wide\"\/>\n","protected":false},"excerpt":{"rendered":"<p>EV OF\u0130S Y\u00dcK TA\u015eIMA B\u0130ZDE.. Ev ve ofis e\u015fyalar\u0131n\u0131z\u0131n nakliye ve ta\u015f\u0131nmas\u0131n\u0131 kendinize dert etmeyin.Bizimle Ta\u015f\u0131nma daha rahat. Evden eve nakliyat ve E\u015fya e\u015fya Ta\u015f\u0131nmas\u0131 hakk\u0131nda akl\u0131n\u0131zda olu\u015fan sorular\u0131,istek ve \u015fikayetlerinizi bizlere aktarabilirsiniz. En k\u0131sa s\u00fcrede sizler d\u00f6n\u00fc\u015f yap\u0131lacakt\u0131r. Adres: \u0130nklap Mah. sar\u0131kanak Sokok. no: 7 \u00dcmraniye\/istanbul Telefon: 05318911449 Hizmetlerimiz Evden Eve Nakliyat Kaliteyi zaman\u0131nda [&hellip;]<\/p>\n","protected":false},"author":1,"featured_media":0,"parent":0,"menu_order":0,"comment_status":"closed","ping_status":"closed","template":"","meta":{"om_disable_all_campaigns":false,"_mi_skip_tracking":false},"aioseo_notices":[],"_links":{"self":[{"href":"https:\/\/firattasimacilik.com\/index.php?rest_route=\/wp\/v2\/pages\/5"}],"collection":[{"href":"https:\/\/firattasimacilik.com\/index.php?rest_route=\/wp\/v2\/pages"}],"about":[{"href":"https:\/\/firattasimacilik.com\/index.php?rest_route=\/wp\/v2\/types\/page"}],"author":[{"embeddable":true,"href":"https:\/\/firattasimacilik.com\/index.php?rest_route=\/wp\/v2\/users\/1"}],"replies":[{"embeddable":true,"href":"https:\/\/firattasimacilik.com\/index.php?rest_route=%2Fwp%2Fv2%2Fcomments&post=5"}],"version-history":[{"count":28,"href":"https:\/\/firattasimacilik.com\/index.php?rest_route=\/wp\/v2\/pages\/5\/revisions"}],"predecessor-version":[{"id":96,"href":"https:\/\/firattasimacilik.com\/index.php?rest_route=\/wp\/v2\/pages\/5\/revisions\/96"}],"wp:attachment":[{"href":"https:\/\/firattasimacilik.com\/index.php?rest_route=%2Fwp%2Fv2%2Fmedia&parent=5"}],"curies":[{"name":"wp","href":"https:\/\/api.w.org\/{rel}","templated":true}]}}