{"id":7,"date":"2022-11-09T18:24:38","date_gmt":"2022-11-09T18:24:38","guid":{"rendered":"https:\/\/firattasimacilik.com\/?page_id=7"},"modified":"2022-11-13T18:28:48","modified_gmt":"2022-11-13T18:28:48","slug":"contact","status":"publish","type":"page","link":"https:\/\/firattasimacilik.com\/?page_id=7","title":{"rendered":"\u0130leti\u015fim"},"content":{"rendered":"\n<h4>F\u0131rat Nakliyat ve Ta\u015f\u0131mac\u0131l\u0131k \u015eirketi<\/h4>\n\n\n\n<p>Evden eve nakliyat ve E\u015fya e\u015fya Ta\u015f\u0131nmas\u0131 hakk\u0131nda akl\u0131n\u0131zda olu\u015fan sorular\u0131,istek ve \u015fikayetlerinizi bizlere aktarabilirsiniz. En k\u0131sa s\u00fcrede sizler d\u00f6n\u00fc\u015f yap\u0131lacakt\u0131r.<\/p>\n\n\n\n<p>Adres: \u0130nklap Mah. sar\u0131kanak Sokok. no: 7 \u00dcmraniye\/istanbul<\/p>\n\n\n\n<p>Telefon: 05318911449<\/p>\n\n\n\n<p><strong>Haritada Yerimiz:<\/strong><\/p>\n\n\n\n<p><\/p>\n\n\n\t\t<div id=\"wpmapblock_60f02bcf\" data-settings='{&quot;map_marker&quot;:[{&quot;lat&quot;:&quot;41.050263718917&quot;,&quot;lng&quot;:&quot;29.11970875097738&quot;,&quot;title&quot;:&quot;F\\u0131rat Ta\\u015f\\u0131mac\\u0131l\\u0131k \\u015eirketi&quot;,&quot;content&quot;:&quot;\\u0130nklap Mah. sar\\u0131kanak Sokok. no: 7 \\u00dcmraniye\\\/istanbul&quot;,&quot;iconType&quot;:&quot;default&quot;,&quot;customIconUrl&quot;:&quot;&quot;,&quot;customIconWidth&quot;:&quot;25&quot;,&quot;customIconHeight&quot;:&quot;40&quot;}],&quot;map_zoom&quot;:10,&quot;scroll_wheel_zoom&quot;:false,&quot;map_type&quot;:&quot;GM&quot;,&quot;center_index&quot;:0}' class=\"wpmapblockrender\" style=\"\n\t\t\twidth: 100%;\n\t\t\theight: 500px;\n\t\t\"><\/div>\n        ","protected":false},"excerpt":{"rendered":"<p>F\u0131rat Nakliyat ve Ta\u015f\u0131mac\u0131l\u0131k \u015eirketi Evden eve nakliyat ve E\u015fya e\u015fya Ta\u015f\u0131nmas\u0131 hakk\u0131nda akl\u0131n\u0131zda olu\u015fan sorular\u0131,istek ve \u015fikayetlerinizi bizlere aktarabilirsiniz. En k\u0131sa s\u00fcrede sizler d\u00f6n\u00fc\u015f yap\u0131lacakt\u0131r. Adres: \u0130nklap Mah. sar\u0131kanak Sokok. no: 7 \u00dcmraniye\/istanbul Telefon: 05318911449 Haritada Yerimiz:<\/p>\n","protected":false},"author":1,"featured_media":0,"parent":0,"menu_order":0,"comment_status":"closed","ping_status":"closed","template":"","meta":{"om_disable_all_campaigns":false,"_mi_skip_tracking":false},"aioseo_notices":[],"_links":{"self":[{"href":"https:\/\/firattasimacilik.com\/index.php?rest_route=\/wp\/v2\/pages\/7"}],"collection":[{"href":"https:\/\/firattasimacilik.com\/index.php?rest_route=\/wp\/v2\/pages"}],"about":[{"href":"https:\/\/firattasimacilik.com\/index.php?rest_route=\/wp\/v2\/types\/page"}],"author":[{"embeddable":true,"href":"https:\/\/firattasimacilik.com\/index.php?rest_route=\/wp\/v2\/users\/1"}],"replies":[{"embeddable":true,"href":"https:\/\/firattasimacilik.com\/index.php?rest_route=%2Fwp%2Fv2%2Fcomments&post=7"}],"version-history":[{"count":6,"href":"https:\/\/firattasimacilik.com\/index.php?rest_route=\/wp\/v2\/pages\/7\/revisions"}],"predecessor-version":[{"id":85,"href":"https:\/\/firattasimacilik.com\/index.php?rest_route=\/wp\/v2\/pages\/7\/revisions\/85"}],"wp:attachment":[{"href":"https:\/\/firattasimacilik.com\/index.php?rest_route=%2Fwp%2Fv2%2Fmedia&parent=7"}],"curies":[{"name":"wp","href":"https:\/\/api.w.org\/{rel}","templated":true}]}}