{"id":8,"date":"2022-11-09T18:24:38","date_gmt":"2022-11-09T18:24:38","guid":{"rendered":"https:\/\/firattasimacilik.com\/?page_id=8"},"modified":"2022-11-13T18:10:10","modified_gmt":"2022-11-13T18:10:10","slug":"blog","status":"publish","type":"page","link":"https:\/\/firattasimacilik.com\/?page_id=8","title":{"rendered":"Hizmetlerimiz"},"content":{"rendered":"\n<h3>\u201cEV OF\u0130S Y\u00dcK TA\u015eIMA B\u0130ZDE..\u201d<\/h3>\n\n\n\n<p>Ev ve ofis e\u015fyalar\u0131n\u0131z\u0131n nakliye ve ta\u015f\u0131nmas\u0131n\u0131 kendinize dert etmeyin.<br>Bizimle Ta\u015f\u0131nma daha rahat.<\/p>\n\n\n\n<p><strong><u>\u00c7al\u0131\u015fma Alanlar\u0131m\u0131z<\/u><\/strong><\/p>\n\n\n\n<ul>\n<li>Evden eve nakliyat hizmeti,<\/li>\n\n\n\n<li>\u015eehir i\u00e7i ve \u015eehirleraras\u0131 e\u015fya ta\u015f\u0131ma hizmeti,<\/li>\n\n\n\n<li>B\u00fcro ve ofis e\u015fyas\u0131 ta\u015f\u0131ma hizmeti,<\/li>\n\n\n\n<li>Kurum Ta\u015f\u0131ma hizmeti,<\/li>\n<\/ul>\n\n\n\n<figure class=\"is-layout-flex wp-block-gallery-1 wp-block-gallery has-nested-images columns-default is-cropped\">\n<figure class=\"wp-block-image size-large\"><img decoding=\"async\" loading=\"lazy\" width=\"374\" height=\"273\" data-id=\"59\"  src=\"https:\/\/firattasimacilik.com\/wp-content\/uploads\/2022\/11\/Firat-Parca-Tasima-1.jpg\" alt=\"\" class=\"wp-image-59\" srcset=\"https:\/\/firattasimacilik.com\/wp-content\/uploads\/2022\/11\/Firat-Parca-Tasima-1.jpg 374w, https:\/\/firattasimacilik.com\/wp-content\/uploads\/2022\/11\/Firat-Parca-Tasima-1-300x219.jpg 300w\" sizes=\"(max-width: 374px) 100vw, 374px\" \/><figcaption class=\"wp-element-caption\">Par\u00e7a E\u015fya Ta\u015f\u0131ma<\/figcaption><\/figure>\n\n\n\n<figure class=\"wp-block-image size-large\"><img decoding=\"async\" loading=\"lazy\" width=\"1000\" height=\"564\" data-id=\"58\"  src=\"https:\/\/firattasimacilik.com\/wp-content\/uploads\/2022\/11\/Firat-Ev-Tasima.jpg\" alt=\"\" class=\"wp-image-58\" srcset=\"https:\/\/firattasimacilik.com\/wp-content\/uploads\/2022\/11\/Firat-Ev-Tasima.jpg 1000w, https:\/\/firattasimacilik.com\/wp-content\/uploads\/2022\/11\/Firat-Ev-Tasima-300x169.jpg 300w, https:\/\/firattasimacilik.com\/wp-content\/uploads\/2022\/11\/Firat-Ev-Tasima-768x433.jpg 768w\" sizes=\"(max-width: 1000px) 100vw, 1000px\" \/><figcaption class=\"wp-element-caption\">\u015eehir i\u00e7i ve \u015eehirler Aras\u0131 Tal\u015f\u0131nma<\/figcaption><\/figure>\n\n\n\n<figure class=\"wp-block-image size-large\"><img decoding=\"async\" loading=\"lazy\" width=\"618\" height=\"368\" data-id=\"56\"  src=\"https:\/\/firattasimacilik.com\/wp-content\/uploads\/2022\/11\/Firat-nakliyat.jpg\" alt=\"\" class=\"wp-image-56\" srcset=\"https:\/\/firattasimacilik.com\/wp-content\/uploads\/2022\/11\/Firat-nakliyat.jpg 618w, https:\/\/firattasimacilik.com\/wp-content\/uploads\/2022\/11\/Firat-nakliyat-300x179.jpg 300w\" sizes=\"(max-width: 618px) 100vw, 618px\" \/><\/figure>\n\n\n\n<figure class=\"wp-block-image size-large\"><img decoding=\"async\" loading=\"lazy\" width=\"331\" height=\"152\" data-id=\"76\"  src=\"https:\/\/firattasimacilik.com\/wp-content\/uploads\/2022\/11\/Firat-Ofice-Tasima.jpg\" alt=\"\" class=\"wp-image-76\" srcset=\"https:\/\/firattasimacilik.com\/wp-content\/uploads\/2022\/11\/Firat-Ofice-Tasima.jpg 331w, https:\/\/firattasimacilik.com\/wp-content\/uploads\/2022\/11\/Firat-Ofice-Tasima-300x138.jpg 300w\" sizes=\"(max-width: 331px) 100vw, 331px\" \/><figcaption class=\"wp-element-caption\">B\u00fcro ve Ofis Ta\u015f\u0131ma Hizmeti<\/figcaption><\/figure>\n<\/figure>\n","protected":false},"excerpt":{"rendered":"<p>\u201cEV OF\u0130S Y\u00dcK TA\u015eIMA B\u0130ZDE..\u201d Ev ve ofis e\u015fyalar\u0131n\u0131z\u0131n nakliye ve ta\u015f\u0131nmas\u0131n\u0131 kendinize dert etmeyin.Bizimle Ta\u015f\u0131nma daha rahat. \u00c7al\u0131\u015fma Alanlar\u0131m\u0131z<\/p>\n","protected":false},"author":1,"featured_media":0,"parent":0,"menu_order":0,"comment_status":"closed","ping_status":"closed","template":"","meta":{"om_disable_all_campaigns":false,"_mi_skip_tracking":false},"aioseo_notices":[],"_links":{"self":[{"href":"https:\/\/firattasimacilik.com\/index.php?rest_route=\/wp\/v2\/pages\/8"}],"collection":[{"href":"https:\/\/firattasimacilik.com\/index.php?rest_route=\/wp\/v2\/pages"}],"about":[{"href":"https:\/\/firattasimacilik.com\/index.php?rest_route=\/wp\/v2\/types\/page"}],"author":[{"embeddable":true,"href":"https:\/\/firattasimacilik.com\/index.php?rest_route=\/wp\/v2\/users\/1"}],"replies":[{"embeddable":true,"href":"https:\/\/firattasimacilik.com\/index.php?rest_route=%2Fwp%2Fv2%2Fcomments&post=8"}],"version-history":[{"count":4,"href":"https:\/\/firattasimacilik.com\/index.php?rest_route=\/wp\/v2\/pages\/8\/revisions"}],"predecessor-version":[{"id":78,"href":"https:\/\/firattasimacilik.com\/index.php?rest_route=\/wp\/v2\/pages\/8\/revisions\/78"}],"wp:attachment":[{"href":"https:\/\/firattasimacilik.com\/index.php?rest_route=%2Fwp%2Fv2%2Fmedia&parent=8"}],"curies":[{"name":"wp","href":"https:\/\/api.w.org\/{rel}","templated":true}]}}